{"id":60,"date":"2019-10-22T12:03:43","date_gmt":"2019-10-22T10:03:43","guid":{"rendered":"https:\/\/berliner-predigten.de\/blog\/?page_id=60"},"modified":"2020-05-06T11:19:11","modified_gmt":"2020-05-06T09:19:11","slug":"spenden","status":"publish","type":"page","link":"https:\/\/berliner-predigten.de\/blog\/spenden\/","title":{"rendered":"\u2665 Spenden \u2665"},"content":{"rendered":"<p><strong>Die Predigten stehen kostenlos zur Verf\u00fcgung. F\u00fcr eine Spende sind wir dankbar.<\/strong><\/p>\n<p>Soweit Ihre Adressdaten hinterlegt sind oder bei der \u00dcberweisung mit angegeben werden, erhalten Sie selbstverst\u00e4ndlich zum Beginn des Folgejahres unaufgefordert eine Spendenbescheinigung.<\/p>\n<table>\n<tbody>\n<tr>\n<td width=\"50%\"><!-- PayPal Logo --> <img decoding=\"async\" src=\"https:\/\/www.paypal.com\/de_DE\/DE\/i\/logo\/logo_80x35.gif\" alt=\"PayPal-Standard-Logo\" border=\"0\" \/><!-- PayPal Logo --><\/p>\n<div style=\"text-align: center;\">\n<form action=\"https:\/\/www.paypal.com\/cgi-bin\/webscr\" method=\"post\"><input name=\"cmd\" type=\"hidden\" value=\"_s-xclick\" \/> <input alt=\"Jetzt einfach, schnell und sicher online spenden \u2013 mit PayPal.\" name=\"submit\" src=\"https:\/\/www.paypal.com\/de_DE\/DE\/i\/btn\/btn_donateCC_LG.gif\" type=\"image\" \/><img loading=\"lazy\" decoding=\"async\" src=\"https:\/\/www.paypal.com\/de_DE\/i\/scr\/pixel.gif\" alt=\"\" width=\"1\" height=\"1\" border=\"0\" \/> <input name=\"encrypted\" type=\"hidden\" value=\"-----BEGIN PKCS7-----MIIHJwYJKoZIhvcNAQcEoIIHGDCCBxQCAQExggEwMIIBLAIBADCBlDCBjjELMAkGA1UEBhMCVVMxCzAJBgNVBAgTAkNBMRYwFAYDVQQHEw1Nb3VudGFpbiBWaWV3MRQwEgYDVQQKEwtQYXlQYWwgSW5jLjETMBEGA1UECxQKbGl2ZV9jZXJ0czERMA8GA1UEAxQIbGl2ZV9hcGkxHDAaBgkqhkiG9w0BCQEWDXJlQHBheXBhbC5jb20CAQAwDQYJKoZIhvcNAQEBBQAEgYC90FZO4\/ajT3zk1kr8Gck5w0k+nhZV2opwH41ajHOzaesrdxd\/aLqcvUmdqK3QwiIWIvSaem1rz54itNPvnYwGzwha4L1g\/lp3x8KeWzIQqu9U\/re3RyQlcR0iqEXX07evPiXPkEf5hdIU4qTZQl04dcPHZNohTelUOxAY9ime7zELMAkGBSsOAwIaBQAwgaQGCSqGSIb3DQEHATAUBggqhkiG9w0DBwQIOylDFFZjEfuAgYBp4mN6mR\/JdlrNy99H6GjArkYAC5dn\/5TTZsbATqTN7EU38fni4vMl53JiG0Q7Zp7spbJyExkurPu3cGdwAY15fqbVThyOUhsFeRq2P5hFNwCJ9TWSWz0wXBgqHLuRFNUnMRQ2DE5W3JS\/7bW7WR9BypS\/bsrfOepdaYiiNdCvYKCCA4cwggODMIIC7KADAgECAgEAMA0GCSqGSIb3DQEBBQUAMIGOMQswCQYDVQQGEwJVUzELMAkGA1UECBMCQ0ExFjAUBgNVBAcTDU1vdW50YWluIFZpZXcxFDASBgNVBAoTC1BheVBhbCBJbmMuMRMwEQYDVQQLFApsaXZlX2NlcnRzMREwDwYDVQQDFAhsaXZlX2FwaTEcMBoGCSqGSIb3DQEJARYNcmVAcGF5cGFsLmNvbTAeFw0wNDAyMTMxMDEzMTVaFw0zNTAyMTMxMDEzMTVaMIGOMQswCQYDVQQGEwJVUzELMAkGA1UECBMCQ0ExFjAUBgNVBAcTDU1vdW50YWluIFZpZXcxFDASBgNVBAoTC1BheVBhbCBJbmMuMRMwEQYDVQQLFApsaXZlX2NlcnRzMREwDwYDVQQDFAhsaXZlX2FwaTEcMBoGCSqGSIb3DQEJARYNcmVAcGF5cGFsLmNvbTCBnzANBgkqhkiG9w0BAQEFAAOBjQAwgYkCgYEAwUdO3fxEzEtcnI7ZKZL412XvZPugoni7i7D7prCe0AtaHTc97CYgm7NsAtJyxNLixmhLV8pyIEaiHXWAh8fPKW+R017+EmXrr9EaquPmsVvTywAAE1PMNOKqo2kl4Gxiz9zZqIajOm1fZGWcGS0f5JQ2kBqNbvbg2\/Za+GJ\/qwUCAwEAAaOB7jCB6zAdBgNVHQ4EFgQUlp98u8ZvF71ZP1LXChvsENZklGswgbsGA1UdIwSBszCBsIAUlp98u8ZvF71ZP1LXChvsENZklGuhgZSkgZEwgY4xCzAJBgNVBAYTAlVTMQswCQYDVQQIEwJDQTEWMBQGA1UEBxMNTW91bnRhaW4gVmlldzEUMBIGA1UEChMLUGF5UGFsIEluYy4xEzARBgNVBAsUCmxpdmVfY2VydHMxETAPBgNVBAMUCGxpdmVfYXBpMRwwGgYJKoZIhvcNAQkBFg1yZUBwYXlwYWwuY29tggEAMAwGA1UdEwQFMAMBAf8wDQYJKoZIhvcNAQEFBQADgYEAgV86VpqAWuXvX6Oro4qJ1tYVIT5DgWpE692Ag422H7yRIr\/9j\/iKG4Thia\/Oflx4TdL+IFJBAyPK9v6zZNZtBgPBynXb048hsP16l2vi0k5Q2JKiPDsEfBhGI+HnxLXEaUWAcVfCsQFvd2A1sxRr67ip5y2wwBelUecP3AjJ+YcxggGaMIIBlgIBATCBlDCBjjELMAkGA1UEBhMCVVMxCzAJBgNVBAgTAkNBMRYwFAYDVQQHEw1Nb3VudGFpbiBWaWV3MRQwEgYDVQQKEwtQYXlQYWwgSW5jLjETMBEGA1UECxQKbGl2ZV9jZXJ0czERMA8GA1UEAxQIbGl2ZV9hcGkxHDAaBgkqhkiG9w0BCQEWDXJlQHBheXBhbC5jb20CAQAwCQYFKw4DAhoFAKBdMBgGCSqGSIb3DQEJAzELBgkqhkiG9w0BBwEwHAYJKoZIhvcNAQkFMQ8XDTA4MDcyMTEyMjYxMVowIwYJKoZIhvcNAQkEMRYEFBu3YmkWXBLnqbVieUblU9l9wxitMA0GCSqGSIb3DQEBAQUABIGAuHtd7DfbyVY8185HnqapZGpxBFFLYpyx3DuVO3MRukpFxWj\/bSzglnRRXQxHBy9Vgr4721piP6wgN+BBGUJegyUst3PWksRvQtZyq\/\/MNfsU8D0lK3op5CGqQ4ly3ICEMMJhUmnLLkXK4H\/BuqEfYNtsWNs0W2FVEoFLyzviSLs=-----END PKCS7-----\" \/><\/form>\n<\/div>\n<\/td>\n<td width=\"50%\"><b>Spendenkonto<\/b><\/p>\n<p>Freie Nazarethkirche e.V.<br \/>\nIBAN: DE11 1007 0024 0249 8277 00<br \/>\nBIC: DEUTDEDBBER<\/td>\n<\/tr>\n<\/tbody>\n<\/table>\n<p>&nbsp;<\/p>\n","protected":false},"excerpt":{"rendered":"<p>Die Predigten stehen kostenlos zur Verf\u00fcgung. F\u00fcr eine Spende sind wir dankbar. Soweit Ihre Adressdaten hinterlegt sind oder bei der \u00dcberweisung mit angegeben werden, erhalten Sie selbstverst\u00e4ndlich zum Beginn des Folgejahres unaufgefordert eine Spendenbescheinigung. Spendenkonto Freie Nazarethkirche e.V. IBAN: DE11 1007 0024 0249 8277 00 BIC: DEUTDEDBBER &nbsp;<\/p>\n","protected":false},"author":2,"featured_media":0,"parent":0,"menu_order":97,"comment_status":"closed","ping_status":"closed","template":"","meta":{"footnotes":""},"class_list":["post-60","page","type-page","status-publish","hentry","comments-off"],"_links":{"self":[{"href":"https:\/\/berliner-predigten.de\/blog\/wp-json\/wp\/v2\/pages\/60","targetHints":{"allow":["GET"]}}],"collection":[{"href":"https:\/\/berliner-predigten.de\/blog\/wp-json\/wp\/v2\/pages"}],"about":[{"href":"https:\/\/berliner-predigten.de\/blog\/wp-json\/wp\/v2\/types\/page"}],"author":[{"embeddable":true,"href":"https:\/\/berliner-predigten.de\/blog\/wp-json\/wp\/v2\/users\/2"}],"replies":[{"embeddable":true,"href":"https:\/\/berliner-predigten.de\/blog\/wp-json\/wp\/v2\/comments?post=60"}],"version-history":[{"count":18,"href":"https:\/\/berliner-predigten.de\/blog\/wp-json\/wp\/v2\/pages\/60\/revisions"}],"predecessor-version":[{"id":3889,"href":"https:\/\/berliner-predigten.de\/blog\/wp-json\/wp\/v2\/pages\/60\/revisions\/3889"}],"wp:attachment":[{"href":"https:\/\/berliner-predigten.de\/blog\/wp-json\/wp\/v2\/media?parent=60"}],"curies":[{"name":"wp","href":"https:\/\/api.w.org\/{rel}","templated":true}]}}