{"id":55,"date":"2019-10-22T12:01:10","date_gmt":"2019-10-22T10:01:10","guid":{"rendered":"https:\/\/berliner-predigten.de\/blog\/?page_id=55"},"modified":"2023-02-10T20:38:09","modified_gmt":"2023-02-10T19:38:09","slug":"ueber-diese-seite","status":"publish","type":"page","link":"https:\/\/berliner-predigten.de\/blog\/ueber-diese-seite\/","title":{"rendered":"\u00dcber diese Seite"},"content":{"rendered":"<h3>Einfach Predigten \u00fcber Internet h\u00f6ren<\/h3>\n<p>Aufnahmen von Joh. W. Matutis und anderen als chronologisch sortierte MP3-Dateien von 1998 bis heute.<\/p>\n<p><a href=\"https:\/\/berliner-predigten.de\/\" target=\"_blank\" rel=\"noopener noreferrer\">Berliner Predigten<\/a><strong><br \/>\n<\/strong><\/p>\n<p><a href=\"https:\/\/www.gemeindezentrum.berlin\/predigten-online-mp3-berliner-predigt\" target=\"_blank\" rel=\"noopener noreferrer\">Gemeinde-Zentrum \/ Predigten anh\u00f6ren<\/a><\/p>\n<h3>Ins Gemeinde-Zentrum kommen und mehr<\/h3>\n<p>Viel zus\u00e4tzliches Material zum Bibelstudium und Informationen zum Gemeinde-Zentrum.<\/p>\n<p><a href=\"https:\/\/gemeindezentrum.berlin\/\" target=\"_blank\" rel=\"noopener noreferrer\">Gemeinde-Zentrum<\/a><\/p>\n<h3>Podcasts<\/h3>\n<p><a href=\"https:\/\/podcasts.google.com\/?feed=aHR0cHM6Ly9iZXJsaW5lci1wcmVkaWd0ZW4uZGUvYmxvZy9mZWVkLw\" target=\"_blank\" rel=\"noopener noreferrer\">Google Podcasts<\/a><\/p>\n<p><a href=\"https:\/\/open.spotify.com\/show\/3FnmUQUM5BjiH5XYkee3ya\" target=\"_blank\" rel=\"noopener noreferrer\">Spotify<\/a><\/p>\n<p><a href=\"https:\/\/tunein.com\/podcasts\/Religion--Spirituality-Podcasts\/Hre-Gottes-Wort---Berliner-Predigten-p1296549\/\" target=\"_blank\" rel=\"noopener noreferrer\">TuneIn<\/a><\/p>\n<p><a href=\"https:\/\/anchor.fm\/hoere-gottes-wort\" target=\"_blank\" rel=\"noopener noreferrer\">Anchor.fm<\/a><\/p>\n<h3>In Verbindung bleiben<\/h3>\n<p><a href=\"https:\/\/www.facebook.com\/HoereGottesWort\/\" target=\"_blank\" rel=\"noopener noreferrer\">Facebook Gemeinde-Zentrum<\/a><\/p>\n<p><a href=\"https:\/\/www.facebook.com\/johannes.matutis\" target=\"_blank\" rel=\"noopener noreferrer\">Facebook Joh. W. Matutis<\/a><\/p>\n<p><a href=\"https:\/\/twitter.com\/HoereGottesWort\" target=\"_blank\" rel=\"noopener noreferrer\">Twitter<\/a><\/p>\n<p><a href=\"https:\/\/www.instagram.com\/hoeregotteswort\/\" target=\"_blank\" rel=\"noopener noreferrer\">Instagram<\/a><\/p>\n<p><a href=\"https:\/\/soundcloud.com\/hoere-gottes-wort\" target=\"_blank\" rel=\"noopener noreferrer\">SoundCloud<\/a><\/p>\n<p><a href=\"https:\/\/t.me\/berliner_predigten\" target=\"_blank\" rel=\"noopener noreferrer\">Telegram<\/a><\/p>\n<p><a href=\"https:\/\/gab.com\/HoereGottesWort\" target=\"_blank\" rel=\"noopener noreferrer\">Gab Social<\/a><\/p>\n<p><a href=\"https:\/\/vk.com\/id586623451\" target=\"_blank\" rel=\"noopener noreferrer\">VK<\/a><\/p>\n<p><a href=\"https:\/\/gettr.com\/user\/hoeregotteswort\" target=\"_blank\" rel=\"noopener\">Gettr<\/a><\/p>\n<p><a href=\"https:\/\/www.tiktok.com\/@berlinerpredigten\" target=\"_blank\" rel=\"noopener\">TikTok<\/a><\/p>\n<h3 id=\"video\">Video<\/h3>\n<p><a href=\"https:\/\/www.youtube.com\/channel\/UCpqQU-LzJY-er98fxwsHQFA\/\" target=\"_blank\" rel=\"noopener noreferrer\">YouTube<\/a><\/p>\n<p><a href=\"https:\/\/www.bitchute.com\/channel\/Ka6wfsms0HNi\/\" target=\"_blank\" rel=\"noopener\">Bitchute<\/a><\/p>\n<p><a href=\"https:\/\/rumble.com\/user\/HoereGottesWort\" target=\"_blank\" rel=\"noopener\">Rumble<\/a><\/p>\n<p><a href=\"https:\/\/www.facebook.com\/HoereGottesWort\/videos\" target=\"_blank\" rel=\"noopener\">Facebook Video<\/a><\/p>\n<p><a href=\"https:\/\/vk.com\/videos586623451\" target=\"_blank\" rel=\"noopener\">VK Video<\/a><\/p>\n<h3>RSS-Feeds<\/h3>\n<p>Blog <a href=\"https:\/\/berliner-predigten.de\/blog\/rss\" target=\"_blank\" rel=\"noopener noreferrer\">https:\/\/berliner-predigten.de\/blog\/rss<\/a><\/p>\n<p>Soundcloud <a href=\"https:\/\/feeds.soundcloud.com\/users\/soundcloud:users:726554338\/sounds.rss\">https:\/\/feeds.soundcloud.com\/users\/soundcloud:users:726554338\/sounds.rss<\/a><\/p>\n<h3>\u00dcber E-Mail Kontakt aufnehmen<\/h3>\n<p><a href=\"mailto:pastor@matutis.de\" target=\"_blank\" rel=\"noopener\">pastor (at) matutis.de<\/a><\/p>\n","protected":false},"excerpt":{"rendered":"<p>Einfach Predigten \u00fcber Internet h\u00f6ren Aufnahmen von Joh. W. Matutis und anderen als chronologisch sortierte MP3-Dateien von 1998 bis heute. Berliner Predigten Gemeinde-Zentrum \/ Predigten anh\u00f6ren Ins Gemeinde-Zentrum kommen und mehr Viel zus\u00e4tzliches Material zum Bibelstudium und Informationen zum Gemeinde-Zentrum. Gemeinde-Zentrum Podcasts Google Podcasts Spotify TuneIn Anchor.fm In Verbindung bleiben Facebook Gemeinde-Zentrum Facebook Joh. W. Matutis Twitter Instagram SoundCloud Telegram Gab Social VK Gettr TikTok Video YouTube Bitchute Rumble Facebook Video VK Video RSS-Feeds Blog https:\/\/berliner-predigten.de\/blog\/rss Soundcloud https:\/\/feeds.soundcloud.com\/users\/soundcloud:users:726554338\/sounds.rss \u00dcber E-Mail Kontakt aufnehmen pastor (at) matutis.de<\/p>\n","protected":false},"author":2,"featured_media":10506,"parent":0,"menu_order":1,"comment_status":"open","ping_status":"closed","template":"","meta":{"footnotes":""},"class_list":["post-55","page","type-page","status-publish","has-post-thumbnail","hentry","comments-off"],"_links":{"self":[{"href":"https:\/\/berliner-predigten.de\/blog\/wp-json\/wp\/v2\/pages\/55","targetHints":{"allow":["GET"]}}],"collection":[{"href":"https:\/\/berliner-predigten.de\/blog\/wp-json\/wp\/v2\/pages"}],"about":[{"href":"https:\/\/berliner-predigten.de\/blog\/wp-json\/wp\/v2\/types\/page"}],"author":[{"embeddable":true,"href":"https:\/\/berliner-predigten.de\/blog\/wp-json\/wp\/v2\/users\/2"}],"replies":[{"embeddable":true,"href":"https:\/\/berliner-predigten.de\/blog\/wp-json\/wp\/v2\/comments?post=55"}],"version-history":[{"count":88,"href":"https:\/\/berliner-predigten.de\/blog\/wp-json\/wp\/v2\/pages\/55\/revisions"}],"predecessor-version":[{"id":19769,"href":"https:\/\/berliner-predigten.de\/blog\/wp-json\/wp\/v2\/pages\/55\/revisions\/19769"}],"wp:featuredmedia":[{"embeddable":true,"href":"https:\/\/berliner-predigten.de\/blog\/wp-json\/wp\/v2\/media\/10506"}],"wp:attachment":[{"href":"https:\/\/berliner-predigten.de\/blog\/wp-json\/wp\/v2\/media?parent=55"}],"curies":[{"name":"wp","href":"https:\/\/api.w.org\/{rel}","templated":true}]}}