{"id":30,"date":"2019-10-22T11:06:49","date_gmt":"2019-10-22T09:06:49","guid":{"rendered":"https:\/\/berliner-predigten.de\/blog\/?page_id=30"},"modified":"2022-12-28T01:13:16","modified_gmt":"2022-12-28T00:13:16","slug":"pastor-johannes-w-matutis","status":"publish","type":"page","link":"https:\/\/berliner-predigten.de\/blog\/pastor-johannes-w-matutis\/","title":{"rendered":"Pastor Joh. W. Matutis"},"content":{"rendered":"<p><strong>ICH BIN F\u00dcR DICH DA<\/strong> &#8230; um Dir Gottes Wort zu bringen &#8230; und um Dir zu dienen &#8230; h\u00f6ren musst Du nat\u00fcrlich selbst &#8230; ich bin 4x in der Woche im <a href=\"https:\/\/www.gemeindezentrum.berlin\/\" target=\"_blank\" rel=\"noopener noreferrer\">Gemeinde-Zentrum<\/a> &#8230; wenn Du Heilung &#8230; Befreiung oder Gebet brauchst &#8230; dann komm &#8230; <strong>Du bist ganz HERZLICH EINGELADEN!<\/strong><\/p>\n<p>Hast Du Fragen, schreibe mir eine <a href=\"mailto:pastor@matutis.de\" target=\"_blank\" rel=\"noopener noreferrer\">E-Mail<\/a> oder <a href=\"https:\/\/berliner-predigten.de\/blog\/ueber-diese-seite\/impressum\/\">rufe mich an.<\/a><\/p>\n<p>Falls Du mich <a href=\"https:\/\/www.facebook.com\/johannes.matutis\" target=\"_blank\" rel=\"noopener\">auf Facebook suchst &#8230;<\/a><\/p>\n<p>Wer uns unterst\u00fctzen m\u00f6chte, kann dies hier tun: <a href=\"https:\/\/berliner-predigten.de\/blog\/spenden\/\" target=\"_blank\" rel=\"noopener noreferrer\">\u2665 Spenden \u2665<\/a><\/p>\n","protected":false},"excerpt":{"rendered":"<p>ICH BIN F\u00dcR DICH DA &#8230; um Dir Gottes Wort zu bringen &#8230; und um Dir zu dienen &#8230; h\u00f6ren musst Du nat\u00fcrlich selbst &#8230; ich bin 4x in der Woche im Gemeinde-Zentrum &#8230; wenn Du Heilung &#8230; Befreiung oder Gebet brauchst &#8230; dann komm &#8230; Du bist ganz HERZLICH EINGELADEN! Hast Du Fragen, schreibe mir eine E-Mail oder rufe mich an. Falls Du mich auf Facebook suchst &#8230; Wer uns unterst\u00fctzen m\u00f6chte, kann dies hier tun: \u2665 Spenden \u2665<\/p>\n","protected":false},"author":2,"featured_media":34,"parent":0,"menu_order":2,"comment_status":"open","ping_status":"closed","template":"","meta":{"footnotes":""},"class_list":["post-30","page","type-page","status-publish","has-post-thumbnail","hentry","comments-off"],"_links":{"self":[{"href":"https:\/\/berliner-predigten.de\/blog\/wp-json\/wp\/v2\/pages\/30","targetHints":{"allow":["GET"]}}],"collection":[{"href":"https:\/\/berliner-predigten.de\/blog\/wp-json\/wp\/v2\/pages"}],"about":[{"href":"https:\/\/berliner-predigten.de\/blog\/wp-json\/wp\/v2\/types\/page"}],"author":[{"embeddable":true,"href":"https:\/\/berliner-predigten.de\/blog\/wp-json\/wp\/v2\/users\/2"}],"replies":[{"embeddable":true,"href":"https:\/\/berliner-predigten.de\/blog\/wp-json\/wp\/v2\/comments?post=30"}],"version-history":[{"count":45,"href":"https:\/\/berliner-predigten.de\/blog\/wp-json\/wp\/v2\/pages\/30\/revisions"}],"predecessor-version":[{"id":14009,"href":"https:\/\/berliner-predigten.de\/blog\/wp-json\/wp\/v2\/pages\/30\/revisions\/14009"}],"wp:featuredmedia":[{"embeddable":true,"href":"https:\/\/berliner-predigten.de\/blog\/wp-json\/wp\/v2\/media\/34"}],"wp:attachment":[{"href":"https:\/\/berliner-predigten.de\/blog\/wp-json\/wp\/v2\/media?parent=30"}],"curies":[{"name":"wp","href":"https:\/\/api.w.org\/{rel}","templated":true}]}}